{"id":1021,"date":"2021-06-03T12:09:57","date_gmt":"2021-06-03T12:09:57","guid":{"rendered":"https:\/\/www.dreamcom.be\/?page_id=1021"},"modified":"2021-06-03T12:09:58","modified_gmt":"2021-06-03T12:09:58","slug":"rgpd","status":"publish","type":"page","link":"https:\/\/www.dreamcom.be\/index.php\/rgpd\/","title":{"rendered":"RGPD"},"content":{"rendered":"\n<p>Adresse du site internet : https:\/\/www.dreamcom.be<\/p>\n\n\n\n<p>Directeur de la Publication : Vincent Lorge<\/p>\n\n\n\n<p>H\u00e9bergeur : Dreamcom sprl, rue du rabiseau 15, 6220 Fleurus &#8211; Belgique<\/p>\n\n\n\n<p><strong>Propri\u00e9t\u00e9 intellectuelle :<\/strong><\/p>\n\n\n\n<p>La structure g\u00e9n\u00e9rale ainsi que les logiciels, textes, images anim\u00e9es ou non, son savoir-faire et tous les autres \u00e9l\u00e9ments composant le site sont la propri\u00e9t\u00e9 exclusive de dreamcom sprl (https:\/\/www.dreamcom.be)<\/p>\n\n\n\n<p>Les logos et marques des soci\u00e9t\u00e9s cit\u00e9es sur ce site sont la propri\u00e9t\u00e9 exclusive de leurs auteurs respectifs.<\/p>\n\n\n\n<p>Toute repr\u00e9sentation, reproduction, et\/ou exploitation, qu\u2019elle(s) soi(en)t partielle(s) ou totale(s), des marques pr\u00e9cit\u00e9es est (sont) interdite(s), sauf accord \u00e9crit et pr\u00e9alable de leurs titulaires.<\/p>\n\n\n\n<p><strong>Droits d\u2019auteur :<\/strong><\/p>\n\n\n\n<p>Toute repr\u00e9sentation totale ou partielle de ce site internet par quelle que personne que ce soit, sans l\u2019autorisation expresse du directeur de publication est interdite et constituerait une contrefa\u00e7on sanctionn\u00e9e par les articles L. 335-2 et suivants du Code de la propri\u00e9t\u00e9 intellectuelle.<\/p>\n\n\n\n<p>L\u2019\u00e9laboration de liens hypertextes profonds vers ce site est interdite sans l\u2019accord expr\u00e8s et pr\u00e9alable de l\u2019\u00e9diteur du site.<\/p>\n\n\n\n<p>Par ailleurs, l\u2019utilisation des informations contenues sur le pr\u00e9sent site rel\u00e8ve de la seule responsabilit\u00e9 de l\u2019utilisateur. Nous ne pourrions en aucun cas, et pour quelque cause que ce soit, en \u00eatre tenus pour responsables, et ce, quelque en soit les cons\u00e9quences. Nous ne sommes responsables d\u2019aucune erreur ou omission sur le pr\u00e9sent site.<\/p>\n\n\n\n<p><strong>Avertissement g\u00e9n\u00e9ral :<\/strong><\/p>\n\n\n\n<p>La consultation de ce site internet est propos\u00e9e aux internautes \u00e0 titre gratuit et sans aucune garantie de la part de son \u00e9diteur.<\/p>\n\n\n\n<p>Les informations disponibles sur ce site qui proviennent de sources ext\u00e9rieures ne saurait garantir qu\u2019elles sont exemptes d\u2019erreurs, ni garantir leur compl\u00e9tude, leur actualit\u00e9, leur exhaustivit\u00e9 ou autre.<\/p>\n\n\n\n<p>En cons\u00e9quence, il appartient \u00e0 l\u2019internaute d\u2019utiliser les informations figurant sur le site Internet \u00e0 ses risques et de proc\u00e9der \u00e0 toute v\u00e9rification sous sa responsabilit\u00e9 exclusive.<\/p>\n\n\n\n<p>Dreamcom sprl ne serait \u00eatre tenu responsable de l\u2019interpr\u00e9tation faite par les internautes, quelle qu\u2019elle soit, de tous les renseignements, informations et conseils propos\u00e9s sur son site, et des cons\u00e9quences pouvant en d\u00e9couler.<\/p>\n\n\n\n<p>Les propri\u00e9taires des sites marchands, de service, sites persos, sites informatiques (etc.) consult\u00e9s \u00e0 partir du site Dreamcom sont seuls responsables du respect par eux de l\u2019ensemble des r\u00e9glementations s\u2019appliquant dans le cadre des prestations offertes aux clients finaux, et notamment, des lois et r\u00e8glements relatifs \u00e0 :<br>\u2013 La vente \u00e0 distance,<br>\u2013 La protection du consommateur,<br>\u2013 La publicit\u00e9 mensong\u00e8re ou trompeuse,<br>\u2013 Les prix,<br>\u2013 La conformit\u00e9 des produits.<br>\u2013 Toutes les marques cit\u00e9es sont d\u00e9pos\u00e9es par leurs propri\u00e9taires respectifs.<\/p>\n\n\n\n<p><strong>Utilisation de Cookies :<\/strong><\/p>\n\n\n\n<p>Le site de Dreamcom sprl (https:\/\/www.dreamcom.be) vous informe que plusieurs cookies (petits fichiers textes) peuvent s\u2019installer automatiquement sur le disque dur de votre ordinateur lors de votre visite sur leur site.<\/p>\n\n\n\n<p>Des informations d\u00e9taill\u00e9es sur les cookies plus bas dans cette page.<\/p>\n\n\n\n<p><strong>Protection des donn\u00e9es personnelles&nbsp;:<\/strong><\/p>\n\n\n\n<p>Les donn\u00e9es \u00e0 caract\u00e8re personnel (telles que votre nom, pr\u00e9nom et adresse e-mail) que vous fournissez via ce site sont reprises dans les fichiers de Dreamcom sprl.<br>Vos donn\u00e9es sont trait\u00e9es par Dreamcom sprl dans le cadre de la gestion du service et en vue d&rsquo;effectuer des campagnes promotionnelles et d&rsquo;information personnalis\u00e9es.<\/p>\n\n\n\n<p>Si vous ne souhaitez pas recevoir de telles informations, vous pouvez nous le faire savoir par e-mail&nbsp;: info@dreamcom.be. Vous avez le droit de consulter, d&rsquo;adapter et de supprimer vos donn\u00e9es personnelles en possession de Dreamcom sprl.<\/p>\n\n\n\n<p>L&rsquo;utilisation de votre adresse e-mail pourra \u00eatre utilis\u00e9e pour diffuser des informations \u00e0 propos de Dreamcom sprl. Ces derni\u00e8res ne seront pas transmises \u00e0 des tiers qui voudraient rentrer en contact avec vous et seront utilis\u00e9es dans un cadre propre \u00e0 Dreamcom sprl.<\/p>\n\n\n\n<p>En cas de refus de votre part, vous pouvez nous en informer par email. Pour le reste, Dreamcom sprl ne communiquera pas vos donn\u00e9es \u00e0 des tiers \u00e0 des fins commerciales sans votre autorisation expresse pr\u00e9alable.<\/p>\n\n\n\n<p>Dreamcom sprl ne conservera pas vos donn\u00e9es plus longtemps que ne le prescrit la loi ni, dans tous les cas, plus longtemps que le d\u00e9lai n\u00e9cessaire aux fins mentionn\u00e9es.<br>Dreamcom sprl prendra toutes les mesures raisonnables pour prot\u00e9ger au mieux vos donn\u00e9es contre tout vol, perte et utilisation ou acc\u00e8s non autoris\u00e9 par des tiers.<\/p>\n\n\n\n<p><strong>Cr\u00e9dits et copyright photos<\/strong><\/p>\n\n\n\n<p>Les cr\u00e9dits et copyright des visuels et des photos pr\u00e9sents sur le site de Dreamcom sprl (https:\/\/www.dreamcom.be) sont signal\u00e9s dans les articles lorsqu\u2019elles proviennent d\u2019un professionnel avec son accord, \u00e0 d\u00e9faut :<br>\u2013 sont la propri\u00e9t\u00e9s du site Internet de Dreamcom sprl (https:\/\/www.dreamcom.be) (dons, achats, cr\u00e9ations, \u2026).<br>\u2013 Proviennent de partenaires avec leur validation<\/p>\n\n\n\n<p><strong>Cookies<\/strong><\/p>\n\n\n\n<p>Le site www.dreamcom.be utilise des cookies.<\/p>\n\n\n\n<p>Lors de la consultation du site, des cookies sont d\u00e9pos\u00e9s sur votre ordinateur, votre tablette ou votre smartphone. Les informations ci-dessous vous permettent de mieux comprendre comment fonctionnent les cookies et comment utiliser les outils actuels afin de les param\u00e9trer.<\/p>\n\n\n\n<p><strong>QU\u2019EST-CE QU\u2019UN COOKIE ?<\/strong><\/p>\n\n\n\n<p>L\u2019utilisation des cookies est courante sur Internet. Un cookie est un petit fichier texte contenant des informations, qui est enregistr\u00e9 sur le disque dur de votre terminal (ex : ordinateur, tablette ou t\u00e9l\u00e9phone mobile) \u00e0 l\u2019occasion de la consultation d\u2019un site Internet gr\u00e2ce \u00e0 votre logiciel de navigation.<\/p>\n\n\n\n<p>Il est transmis par le serveur d\u2019un site Internet \u00e0 votre navigateur. Le fichier cookie permet \u00e0 son \u00e9metteur d\u2019identifier le terminal dans lequel il est enregistr\u00e9 pendant la dur\u00e9e de validit\u00e9 ou d\u2019enregistrement du cookie concern\u00e9.<\/p>\n\n\n\n<p><strong>POURQUOI UTILISER DES COOKIES ?<\/strong><\/p>\n\n\n\n<p>Sur ce site, 4 types de cookies sont utilis\u00e9s dont les finalit\u00e9s sont d\u00e9crites ci-apr\u00e8s.<\/p>\n\n\n\n<p><strong>1. LES COOKIES DE FONCTIONNALIT\u00c9S<\/strong><\/p>\n\n\n\n<p>Ces cookies ne sont pas indispensables \u00e0 la navigation sur notre site mais permettent d\u2019optimiser le fonctionnement de notre site et de vous donner acc\u00e8s \u00e0 des fonctionnalit\u00e9s sp\u00e9cifiques.<\/p>\n\n\n\n<p>Ces cookies vous permettent ainsi d\u2019avoir une navigation fluide et sur mesure.<\/p>\n\n\n\n<p>Placer des cookies sur votre terminal est le moyen le plus simple et le plus rapide pour personnaliser et am\u00e9liorer votre exp\u00e9rience utilisateur. Ces cookies sont d\u00e9pos\u00e9s par RegionsJob SAS. Ils ont une dur\u00e9e de vie tr\u00e8s courte, pour la majorit\u00e9, le temps de la session, et au maximum, de deux ann\u00e9es.<\/p>\n\n\n\n<p><strong>2. LES COOKIES DE MESURE D\u2019AUDIENCE (STATISTIQUES)<\/strong><\/p>\n\n\n\n<p>Ces cookies recueillent des informations sur la fa\u00e7on dont les visiteurs utilisent un site Web. Par exemple, le nombre de visites, les pages les plus visit\u00e9es\u2026<\/p>\n\n\n\n<p>Google Analytics est l\u2019outil de statistiques utilis\u00e9 sur ce site.<\/p>\n\n\n\n<p><strong>3. LES COOKIES DE PARTAGE (LIENS SOCIAUX)<\/strong><\/p>\n\n\n\n<p>Le site www.dreamcom.be contient des liens de partage vers Facebook, Twitter et autre r\u00e9seau social similaire, qui vous permettent de partager des contenus du site avec d\u2019autres personnes. Lorsque vous utilisez ces boutons de partage, un cookie tiers est install\u00e9. Si vous \u00eates connect\u00e9s au r\u00e9seau social lors de votre navigation sur notre site, les boutons de partage permettent de relier les contenus consult\u00e9s \u00e0 votre compte utilisateur.<\/p>\n\n\n\n<p><strong>4. LES COOKIES CIBL\u00c9S OU PUBLICITAIRES<\/strong><\/p>\n\n\n\n<p>Ces cookies collectent des informations concernant vos habitudes en mati\u00e8re de navigation Internet afin de vous proposer des publicit\u00e9s qui vous sont adapt\u00e9es et correspondent \u00e0 vos centres d\u2019int\u00e9r\u00eat. Ils permettent \u00e9galement de limiter le nombre de fois que vous verrez une publicit\u00e9 et nous aident \u00e0 \u00e9valuer l\u2019efficacit\u00e9 de nos campagnes publicitaires. Ces cookies sont g\u00e9n\u00e9ralement install\u00e9s par des r\u00e9seaux publicitaires avec l\u2019autorisation de l\u2019op\u00e9rateur du site Internet. Ils m\u00e9morisent les visites effectu\u00e9es sur un site et partagent ces informations avec d\u2019autres entreprises (des publicitaires par exemple). Les cookies cibl\u00e9s ou publicitaires sont souvent li\u00e9s aux fonctionnalit\u00e9s du site fournies par l\u2019entreprise partenaire.<\/p>\n\n\n\n<p>Les informations sont collect\u00e9es et partag\u00e9es avec des tiers pour proposer des ciblages d\u2019audience et des solutions d\u2019optimisation pour les annonceurs publicitaires et les \u00e9diteurs. Aucune donn\u00e9e personnelle n\u2019est recueillie et un individu ne peut \u00eatre identifi\u00e9 via les donn\u00e9es collect\u00e9es.<\/p>\n\n\n\n<p><strong>COMMENT G\u00c9RER LES COOKIES ?<\/strong><\/p>\n\n\n\n<p>Plusieurs possibilit\u00e9s vous sont offertes pour g\u00e9rer les cookies. Tout param\u00e9trage que vous pouvez entreprendre sera susceptible de modifier votre navigation sur Internet et vos conditions d\u2019acc\u00e8s \u00e0 certains services n\u00e9cessitant l\u2019utilisation de Cookies. Vous pouvez faire le choix \u00e0 tout moment d\u2019exprimer et de modifier vos souhaits en mati\u00e8re de cookies, par les moyens d\u00e9crits ci-dessous.<\/p>\n\n\n\n<p><strong>1. PARAM\u00c9TRAGE DE VOTRE NAVIGATEUR<\/strong><\/p>\n\n\n\n<p>Pour Chrome : https:\/\/support.google.com\/chrome\/answer\/95647<\/p>\n\n\n\n<p>Pour FireFox : https:\/\/support.mozilla.org\/fr\/kb\/cookies-informations-sites-enregistrent<\/p>\n\n\n\n<p><strong>2. LES LIENS OPT-OUT POUR LES COOKIES DE MESURE D\u2019AUDIENCE (STATISTIQUES)<\/strong><\/p>\n\n\n\n<p>Pour les cookies d\u00e9pos\u00e9s par Google Analytics : https:\/\/support.google.com\/analytics\/answer\/181881<\/p>\n\n\n\n<p><strong>3. LES COOKIES DE PARTAGE (LIENS SOCIAUX)<\/strong><\/p>\n\n\n\n<p>Pour les cookies d\u00e9pos\u00e9s par Facebook : https:\/\/fr-fr.facebook.com\/help\/cookies<\/p>\n\n\n\n<p>Pour les cookies d\u00e9pos\u00e9s par Twitter : https:\/\/support.twitter.com\/articles\/20170518<\/p>\n\n\n\n<p><strong>PLUS D\u2019INFORMATIONS SUR LES COOKIES<\/strong><\/p>\n\n\n\n<p>Pour plus d\u2019information sur les cookies en France, vous pouvez vous rendre sur le site de la CNIL, \u00e0 cette adresse : http:\/\/www.cnil.fr\/vos-droits\/vos-traces\/les-cookies\/<\/p>\n\n\n\n<p>Pour la Belgique, les informations sur les cookies et sur le respect de la vie priv\u00e9e sont disponibles sur http:\/\/www.belgium.be\/fr\/justice\/respect_de_la_vie_privee\/internet<\/p>\n<span class=\"et_bloom_bottom_trigger\"><\/span>","protected":false},"excerpt":{"rendered":"<p>Adresse du site internet : https:\/\/www.dreamcom.be Directeur de la Publication : Vincent Lorge H\u00e9bergeur : Dreamcom sprl, rue du rabiseau 15, 6220 Fleurus &#8211; Belgique Propri\u00e9t\u00e9 intellectuelle : La structure g\u00e9n\u00e9rale ainsi que les logiciels, textes, images anim\u00e9es ou non, son savoir-faire et tous les autres \u00e9l\u00e9ments composant le site sont la propri\u00e9t\u00e9 exclusive de [&hellip;]<\/p>\n","protected":false},"author":1,"featured_media":0,"parent":0,"menu_order":0,"comment_status":"closed","ping_status":"closed","template":"","meta":{"_et_pb_use_builder":"","_et_pb_old_content":"","_et_gb_content_width":"","footnotes":""},"class_list":["post-1021","page","type-page","status-publish","hentry"],"yoast_head":"<!-- This site is optimized with the Yoast SEO plugin v24.9 - https:\/\/yoast.com\/wordpress\/plugins\/seo\/ -->\n<title>RGPD - Dreamcom - Agence de communication - Hainaut<\/title>\n<meta name=\"robots\" content=\"index, follow, max-snippet:-1, max-image-preview:large, max-video-preview:-1\" \/>\n<link rel=\"canonical\" href=\"https:\/\/www.dreamcom.be\/index.php\/rgpd\/\" \/>\n<meta property=\"og:locale\" content=\"fr_FR\" \/>\n<meta property=\"og:type\" content=\"article\" \/>\n<meta property=\"og:title\" content=\"RGPD - Dreamcom - Agence de communication - Hainaut\" \/>\n<meta property=\"og:description\" content=\"Adresse du site internet : https:\/\/www.dreamcom.be Directeur de la Publication : Vincent Lorge H\u00e9bergeur : Dreamcom sprl, rue du rabiseau 15, 6220 Fleurus &#8211; Belgique Propri\u00e9t\u00e9 intellectuelle : La structure g\u00e9n\u00e9rale ainsi que les logiciels, textes, images anim\u00e9es ou non, son savoir-faire et tous les autres \u00e9l\u00e9ments composant le site sont la propri\u00e9t\u00e9 exclusive de [&hellip;]\" \/>\n<meta property=\"og:url\" content=\"https:\/\/www.dreamcom.be\/index.php\/rgpd\/\" \/>\n<meta property=\"og:site_name\" content=\"Dreamcom - Agence de communication - Hainaut\" \/>\n<meta property=\"article:publisher\" content=\"https:\/\/www.facebook.com\/dreamcombelgium\" \/>\n<meta property=\"article:modified_time\" content=\"2021-06-03T12:09:58+00:00\" \/>\n<meta name=\"twitter:card\" content=\"summary_large_image\" \/>\n<meta name=\"twitter:label1\" content=\"Dur\u00e9e de lecture estim\u00e9e\" \/>\n\t<meta name=\"twitter:data1\" content=\"7 minutes\" \/>\n<script type=\"application\/ld+json\" class=\"yoast-schema-graph\">{\"@context\":\"https:\/\/schema.org\",\"@graph\":[{\"@type\":\"WebPage\",\"@id\":\"https:\/\/www.dreamcom.be\/index.php\/rgpd\/\",\"url\":\"https:\/\/www.dreamcom.be\/index.php\/rgpd\/\",\"name\":\"RGPD - Dreamcom - Agence de communication - Hainaut\",\"isPartOf\":{\"@id\":\"https:\/\/www.dreamcom.be\/#website\"},\"datePublished\":\"2021-06-03T12:09:57+00:00\",\"dateModified\":\"2021-06-03T12:09:58+00:00\",\"breadcrumb\":{\"@id\":\"https:\/\/www.dreamcom.be\/index.php\/rgpd\/#breadcrumb\"},\"inLanguage\":\"fr-FR\",\"potentialAction\":[{\"@type\":\"ReadAction\",\"target\":[\"https:\/\/www.dreamcom.be\/index.php\/rgpd\/\"]}]},{\"@type\":\"BreadcrumbList\",\"@id\":\"https:\/\/www.dreamcom.be\/index.php\/rgpd\/#breadcrumb\",\"itemListElement\":[{\"@type\":\"ListItem\",\"position\":1,\"name\":\"Accueil\",\"item\":\"https:\/\/www.dreamcom.be\/\"},{\"@type\":\"ListItem\",\"position\":2,\"name\":\"RGPD\"}]},{\"@type\":\"WebSite\",\"@id\":\"https:\/\/www.dreamcom.be\/#website\",\"url\":\"https:\/\/www.dreamcom.be\/\",\"name\":\"Dreamcom\",\"description\":\"Personnalisez votre communication \u00e0 l&#039;infini\",\"publisher\":{\"@id\":\"https:\/\/www.dreamcom.be\/#organization\"},\"potentialAction\":[{\"@type\":\"SearchAction\",\"target\":{\"@type\":\"EntryPoint\",\"urlTemplate\":\"https:\/\/www.dreamcom.be\/?s={search_term_string}\"},\"query-input\":{\"@type\":\"PropertyValueSpecification\",\"valueRequired\":true,\"valueName\":\"search_term_string\"}}],\"inLanguage\":\"fr-FR\"},{\"@type\":\"Organization\",\"@id\":\"https:\/\/www.dreamcom.be\/#organization\",\"name\":\"Dreamcom\",\"url\":\"https:\/\/www.dreamcom.be\/\",\"logo\":{\"@type\":\"ImageObject\",\"inLanguage\":\"fr-FR\",\"@id\":\"https:\/\/www.dreamcom.be\/#\/schema\/logo\/image\/\",\"url\":\"https:\/\/new.impaprint.be\/wp-content\/uploads\/2021\/03\/DreamcomLogo.png\",\"contentUrl\":\"https:\/\/new.impaprint.be\/wp-content\/uploads\/2021\/03\/DreamcomLogo.png\",\"width\":762,\"height\":244,\"caption\":\"Dreamcom\"},\"image\":{\"@id\":\"https:\/\/www.dreamcom.be\/#\/schema\/logo\/image\/\"},\"sameAs\":[\"https:\/\/www.facebook.com\/dreamcombelgium\"]}]}<\/script>\n<!-- \/ Yoast SEO plugin. -->","yoast_head_json":{"title":"RGPD - Dreamcom - Agence de communication - Hainaut","robots":{"index":"index","follow":"follow","max-snippet":"max-snippet:-1","max-image-preview":"max-image-preview:large","max-video-preview":"max-video-preview:-1"},"canonical":"https:\/\/www.dreamcom.be\/index.php\/rgpd\/","og_locale":"fr_FR","og_type":"article","og_title":"RGPD - Dreamcom - Agence de communication - Hainaut","og_description":"Adresse du site internet : https:\/\/www.dreamcom.be Directeur de la Publication : Vincent Lorge H\u00e9bergeur : Dreamcom sprl, rue du rabiseau 15, 6220 Fleurus &#8211; Belgique Propri\u00e9t\u00e9 intellectuelle : La structure g\u00e9n\u00e9rale ainsi que les logiciels, textes, images anim\u00e9es ou non, son savoir-faire et tous les autres \u00e9l\u00e9ments composant le site sont la propri\u00e9t\u00e9 exclusive de [&hellip;]","og_url":"https:\/\/www.dreamcom.be\/index.php\/rgpd\/","og_site_name":"Dreamcom - Agence de communication - Hainaut","article_publisher":"https:\/\/www.facebook.com\/dreamcombelgium","article_modified_time":"2021-06-03T12:09:58+00:00","twitter_card":"summary_large_image","twitter_misc":{"Dur\u00e9e de lecture estim\u00e9e":"7 minutes"},"schema":{"@context":"https:\/\/schema.org","@graph":[{"@type":"WebPage","@id":"https:\/\/www.dreamcom.be\/index.php\/rgpd\/","url":"https:\/\/www.dreamcom.be\/index.php\/rgpd\/","name":"RGPD - Dreamcom - Agence de communication - Hainaut","isPartOf":{"@id":"https:\/\/www.dreamcom.be\/#website"},"datePublished":"2021-06-03T12:09:57+00:00","dateModified":"2021-06-03T12:09:58+00:00","breadcrumb":{"@id":"https:\/\/www.dreamcom.be\/index.php\/rgpd\/#breadcrumb"},"inLanguage":"fr-FR","potentialAction":[{"@type":"ReadAction","target":["https:\/\/www.dreamcom.be\/index.php\/rgpd\/"]}]},{"@type":"BreadcrumbList","@id":"https:\/\/www.dreamcom.be\/index.php\/rgpd\/#breadcrumb","itemListElement":[{"@type":"ListItem","position":1,"name":"Accueil","item":"https:\/\/www.dreamcom.be\/"},{"@type":"ListItem","position":2,"name":"RGPD"}]},{"@type":"WebSite","@id":"https:\/\/www.dreamcom.be\/#website","url":"https:\/\/www.dreamcom.be\/","name":"Dreamcom","description":"Personnalisez votre communication \u00e0 l&#039;infini","publisher":{"@id":"https:\/\/www.dreamcom.be\/#organization"},"potentialAction":[{"@type":"SearchAction","target":{"@type":"EntryPoint","urlTemplate":"https:\/\/www.dreamcom.be\/?s={search_term_string}"},"query-input":{"@type":"PropertyValueSpecification","valueRequired":true,"valueName":"search_term_string"}}],"inLanguage":"fr-FR"},{"@type":"Organization","@id":"https:\/\/www.dreamcom.be\/#organization","name":"Dreamcom","url":"https:\/\/www.dreamcom.be\/","logo":{"@type":"ImageObject","inLanguage":"fr-FR","@id":"https:\/\/www.dreamcom.be\/#\/schema\/logo\/image\/","url":"https:\/\/new.impaprint.be\/wp-content\/uploads\/2021\/03\/DreamcomLogo.png","contentUrl":"https:\/\/new.impaprint.be\/wp-content\/uploads\/2021\/03\/DreamcomLogo.png","width":762,"height":244,"caption":"Dreamcom"},"image":{"@id":"https:\/\/www.dreamcom.be\/#\/schema\/logo\/image\/"},"sameAs":["https:\/\/www.facebook.com\/dreamcombelgium"]}]}},"_links":{"self":[{"href":"https:\/\/www.dreamcom.be\/index.php\/wp-json\/wp\/v2\/pages\/1021","targetHints":{"allow":["GET"]}}],"collection":[{"href":"https:\/\/www.dreamcom.be\/index.php\/wp-json\/wp\/v2\/pages"}],"about":[{"href":"https:\/\/www.dreamcom.be\/index.php\/wp-json\/wp\/v2\/types\/page"}],"author":[{"embeddable":true,"href":"https:\/\/www.dreamcom.be\/index.php\/wp-json\/wp\/v2\/users\/1"}],"replies":[{"embeddable":true,"href":"https:\/\/www.dreamcom.be\/index.php\/wp-json\/wp\/v2\/comments?post=1021"}],"version-history":[{"count":1,"href":"https:\/\/www.dreamcom.be\/index.php\/wp-json\/wp\/v2\/pages\/1021\/revisions"}],"predecessor-version":[{"id":1217,"href":"https:\/\/www.dreamcom.be\/index.php\/wp-json\/wp\/v2\/pages\/1021\/revisions\/1217"}],"wp:attachment":[{"href":"https:\/\/www.dreamcom.be\/index.php\/wp-json\/wp\/v2\/media?parent=1021"}],"curies":[{"name":"wp","href":"https:\/\/api.w.org\/{rel}","templated":true}]}}