{"id":81,"date":"2021-03-22T15:21:56","date_gmt":"2021-03-22T15:21:56","guid":{"rendered":"https:\/\/www.dreamcom.be\/?page_id=81"},"modified":"2025-06-18T12:18:37","modified_gmt":"2025-06-18T12:18:37","slug":"contact","status":"publish","type":"page","link":"https:\/\/www.dreamcom.be\/index.php\/contact\/","title":{"rendered":"Contact"},"content":{"rendered":"<p>[et_pb_section fb_built=\u00a0\u00bb1&Prime; fullwidth=\u00a0\u00bbon\u00a0\u00bb custom_padding_last_edited=\u00a0\u00bbon|desktop\u00a0\u00bb _builder_version=\u00a0\u00bb4.16&Prime; _module_preset=\u00a0\u00bbdefault\u00a0\u00bb background_image=\u00a0\u00bbhttps:\/\/www.dreamcom.be\/wp-content\/uploads\/2021\/05\/Contact-Dreamcom.jpg\u00a0\u00bb background_position=\u00a0\u00bbbottom_center\u00a0\u00bb custom_padding=\u00a0\u00bb500px||||false|false\u00a0\u00bb custom_padding_tablet=\u00a0\u00bb300px||||false|false\u00a0\u00bb custom_padding_phone=\u00a0\u00bb200px||||false|false\u00a0\u00bb bottom_divider_style=\u00a0\u00bbslant2&Prime; bottom_divider_color=\u00a0\u00bb#FFFFFF\u00a0\u00bb bottom_divider_height_tablet=\u00a0\u00bb100px\u00a0\u00bb bottom_divider_height_phone=\u00a0\u00bb30px\u00a0\u00bb bottom_divider_height_last_edited=\u00a0\u00bbon|phone\u00a0\u00bb global_colors_info=\u00a0\u00bb{}\u00a0\u00bb][\/et_pb_section][et_pb_section fb_built=\u00a0\u00bb1&Prime; _builder_version=\u00a0\u00bb4.25.2&Prime; _module_preset=\u00a0\u00bbdefault\u00a0\u00bb custom_padding=\u00a0\u00bb||50px||false|false\u00a0\u00bb global_colors_info=\u00a0\u00bb{}\u00a0\u00bb][et_pb_row _builder_version=\u00a0\u00bb4.16&Prime; _module_preset=\u00a0\u00bbdefault\u00a0\u00bb global_colors_info=\u00a0\u00bb{}\u00a0\u00bb][et_pb_column type=\u00a0\u00bb4_4&Prime; _builder_version=\u00a0\u00bb4.16&Prime; _module_preset=\u00a0\u00bbdefault\u00a0\u00bb global_colors_info=\u00a0\u00bb{}\u00a0\u00bb][et_pb_text _builder_version=\u00a0\u00bb4.16&Prime; _module_preset=\u00a0\u00bbdefault\u00a0\u00bb global_colors_info=\u00a0\u00bb{}\u00a0\u00bb]<\/p>\n<h1>Contact<\/h1>\n<p>[\/et_pb_text][\/et_pb_column][\/et_pb_row][\/et_pb_section][et_pb_section fb_built=\u00a0\u00bb1&Prime; admin_label=\u00a0\u00bbContact Section\u00a0\u00bb _builder_version=\u00a0\u00bb4.25.2&Prime; custom_padding=\u00a0\u00bb0px||0px||false|false\u00a0\u00bb global_colors_info=\u00a0\u00bb{}\u00a0\u00bb][et_pb_row column_structure=\u00a0\u00bb1_2,1_2&Prime; admin_label=\u00a0\u00bbContact Area\u00a0\u00bb _builder_version=\u00a0\u00bb4.16&Prime; width=\u00a0\u00bb79.7%\u00a0\u00bb animation_style=\u00a0\u00bbzoom\u00a0\u00bb animation_intensity_zoom=\u00a0\u00bb20%\u00a0\u00bb global_colors_info=\u00a0\u00bb{}\u00a0\u00bb][et_pb_column type=\u00a0\u00bb1_2&Prime; _builder_version=\u00a0\u00bb4.16&Prime; custom_padding=\u00a0\u00bb|||\u00a0\u00bb global_colors_info=\u00a0\u00bb{}\u00a0\u00bb custom_padding__hover=\u00a0\u00bb|||\u00a0\u00bb][et_pb_text _builder_version=\u00a0\u00bb4.21.0&Prime; text_font=\u00a0\u00bbMontserrat||||\u00a0\u00bb text_text_color=\u00a0\u00bb#747d88&Prime; text_font_size=\u00a0\u00bb16px\u00a0\u00bb text_line_height=\u00a0\u00bb1.8em\u00a0\u00bb link_font=\u00a0\u00bb||||on|||#fcd21d|double\u00a0\u00bb link_text_color=\u00a0\u00bb#353740&Prime; header_font=\u00a0\u00bbMontserrat||||\u00a0\u00bb header_4_font=\u00a0\u00bbMontserrat|700|||||||\u00a0\u00bb header_4_text_color=\u00a0\u00bb#353740&Prime; header_4_font_size=\u00a0\u00bb22px\u00a0\u00bb header_4_line_height=\u00a0\u00bb1.9em\u00a0\u00bb custom_padding=\u00a0\u00bb||1px|||\u00a0\u00bb animation_style=\u00a0\u00bbzoom\u00a0\u00bb animation_intensity_zoom=\u00a0\u00bb20%\u00a0\u00bb global_colors_info=\u00a0\u00bb{}\u00a0\u00bb]<\/p>\n<h4>Dreamcom<\/h4>\n<p><span class=\"LrzXr\">Rue Bel Horizon 1<\/span><\/p>\n<p><span class=\"LrzXr\">5651 Walcourt<\/span><\/p>\n<p>+32 (0)477 94 00 27<\/p>\n<p><a href=\"mailto:dream@dreamcom.be\">dream@dreamcom.be<\/a><\/p>\n<p>&nbsp;<\/p>\n<p>Voir nos <a href=\"https:\/\/www.dreamcom.be\/index.php\/conditions-generales\/\">conditions g\u00e9n\u00e9rales<\/a><\/p>\n<p>&nbsp;<\/p>\n<p>[\/et_pb_text][\/et_pb_column][et_pb_column type=\u00a0\u00bb1_2&Prime; _builder_version=\u00a0\u00bb4.16&Prime; custom_padding=\u00a0\u00bb|||\u00a0\u00bb global_colors_info=\u00a0\u00bb{}\u00a0\u00bb custom_padding__hover=\u00a0\u00bb|||\u00a0\u00bb][et_pb_code _builder_version=\u00a0\u00bb4.27.0&Prime; _module_preset=\u00a0\u00bbdefault\u00a0\u00bb global_colors_info=\u00a0\u00bb{}\u00a0\u00bb]<iframe src=\"https:\/\/www.google.com\/maps\/embed?pb=!1m18!1m12!1m3!1d2549.476399574435!2d4.418013177067139!3d50.283034471560704!2m3!1f0!2f0!3f0!3m2!1i1024!2i768!4f13.1!3m3!1m2!1s0x47c221f512aea36d%3A0x9c79c818bd95418b!2sRue%20Bel%20Horizon%201%2C%205651%20Walcourt!5e0!3m2!1sfr!2sbe!4v1723634172361!5m2!1sfr!2sbe\" width=\"600\" height=\"450\" style=\"border:0;\" allowfullscreen=\"\" loading=\"lazy\" referrerpolicy=\"no-referrer-when-downgrade\"><\/iframe>[\/et_pb_code][\/et_pb_column][\/et_pb_row][\/et_pb_section][et_pb_section fb_built=\u00a0\u00bb1&Prime; module_id=\u00a0\u00bbcontactaccueil\u00a0\u00bb _builder_version=\u00a0\u00bb4.16&Prime; _module_preset=\u00a0\u00bbdefault\u00a0\u00bb background_enable_color=\u00a0\u00bboff\u00a0\u00bb custom_padding=\u00a0\u00bb||0px||false|false\u00a0\u00bb global_colors_info=\u00a0\u00bb{}\u00a0\u00bb][et_pb_row _builder_version=\u00a0\u00bb4.16&Prime; _module_preset=\u00a0\u00bbdefault\u00a0\u00bb custom_margin=\u00a0\u00bb0px||0px||false|false\u00a0\u00bb global_colors_info=\u00a0\u00bb{}\u00a0\u00bb][et_pb_column type=\u00a0\u00bb4_4&Prime; _builder_version=\u00a0\u00bb4.16&Prime; _module_preset=\u00a0\u00bbdefault\u00a0\u00bb global_colors_info=\u00a0\u00bb{}\u00a0\u00bb][et_pb_contact_form email=\u00a0\u00bbstudio@dreamcom.be, dream@dreamcom.agency\u00a0\u00bb custom_message=\u00a0\u00bbNouveau message du formulaire de contact : ||et_pb_line_break_holder||||et_pb_line_break_holder||Nom : %%Name%%||et_pb_line_break_holder||Adresse email : %%Email%%||et_pb_line_break_holder||Message : %%Message%%||et_pb_line_break_holder||||et_pb_line_break_holder||Confidentialit\u00e9 : %%rgpd%%||et_pb_line_break_holder||\u00a0\u00bb success_message=\u00a0\u00bbMerci pour votre message. Nous vous r\u00e9pondrons rapidement.\u00a0\u00bb _builder_version=\u00a0\u00bb4.21.0&Prime; _module_preset=\u00a0\u00bbdefault\u00a0\u00bb _unique_id=\u00a0\u00bb9fa14390-eb21-4543-aa7d-5676b32d09a4&Prime; form_field_background_color=\u00a0\u00bb#D9D9D7&Prime; form_field_text_color=\u00a0\u00bb#434245&Prime; form_field_focus_background_color=\u00a0\u00bb#FFFFFF\u00a0\u00bb custom_button=\u00a0\u00bbon\u00a0\u00bb button_text_color=\u00a0\u00bb#FFFFFF\u00a0\u00bb border_radii=\u00a0\u00bbon|9px|9px|9px|9px\u00a0\u00bb global_colors_info=\u00a0\u00bb{}\u00a0\u00bb][et_pb_contact_field field_id=\u00a0\u00bbName\u00a0\u00bb field_title=\u00a0\u00bbNom \u00a0\u00bb _builder_version=\u00a0\u00bb4.16&Prime; global_colors_info=\u00a0\u00bb{}\u00a0\u00bb button_text_size__hover_enabled=\u00a0\u00bboff\u00a0\u00bb button_one_text_size__hover_enabled=\u00a0\u00bboff\u00a0\u00bb button_two_text_size__hover_enabled=\u00a0\u00bboff\u00a0\u00bb button_text_color__hover_enabled=\u00a0\u00bboff\u00a0\u00bb button_one_text_color__hover_enabled=\u00a0\u00bboff\u00a0\u00bb button_two_text_color__hover_enabled=\u00a0\u00bboff\u00a0\u00bb button_border_width__hover_enabled=\u00a0\u00bboff\u00a0\u00bb button_one_border_width__hover_enabled=\u00a0\u00bboff\u00a0\u00bb button_two_border_width__hover_enabled=\u00a0\u00bboff\u00a0\u00bb button_border_color__hover_enabled=\u00a0\u00bboff\u00a0\u00bb button_one_border_color__hover_enabled=\u00a0\u00bboff\u00a0\u00bb button_two_border_color__hover_enabled=\u00a0\u00bboff\u00a0\u00bb button_border_radius__hover_enabled=\u00a0\u00bboff\u00a0\u00bb button_one_border_radius__hover_enabled=\u00a0\u00bboff\u00a0\u00bb button_two_border_radius__hover_enabled=\u00a0\u00bboff\u00a0\u00bb button_letter_spacing__hover_enabled=\u00a0\u00bboff\u00a0\u00bb button_one_letter_spacing__hover_enabled=\u00a0\u00bboff\u00a0\u00bb button_two_letter_spacing__hover_enabled=\u00a0\u00bboff\u00a0\u00bb button_bg_color__hover_enabled=\u00a0\u00bboff\u00a0\u00bb button_one_bg_color__hover_enabled=\u00a0\u00bboff\u00a0\u00bb button_two_bg_color__hover_enabled=\u00a0\u00bboff\u00a0\u00bb][\/et_pb_contact_field][et_pb_contact_field field_id=\u00a0\u00bbEmail\u00a0\u00bb field_title=\u00a0\u00bbAdresse e-mail\u00a0\u00bb field_type=\u00a0\u00bbemail\u00a0\u00bb _builder_version=\u00a0\u00bb4.16&Prime; global_colors_info=\u00a0\u00bb{}\u00a0\u00bb button_text_size__hover_enabled=\u00a0\u00bboff\u00a0\u00bb button_one_text_size__hover_enabled=\u00a0\u00bboff\u00a0\u00bb button_two_text_size__hover_enabled=\u00a0\u00bboff\u00a0\u00bb button_text_color__hover_enabled=\u00a0\u00bboff\u00a0\u00bb button_one_text_color__hover_enabled=\u00a0\u00bboff\u00a0\u00bb button_two_text_color__hover_enabled=\u00a0\u00bboff\u00a0\u00bb button_border_width__hover_enabled=\u00a0\u00bboff\u00a0\u00bb button_one_border_width__hover_enabled=\u00a0\u00bboff\u00a0\u00bb button_two_border_width__hover_enabled=\u00a0\u00bboff\u00a0\u00bb button_border_color__hover_enabled=\u00a0\u00bboff\u00a0\u00bb button_one_border_color__hover_enabled=\u00a0\u00bboff\u00a0\u00bb button_two_border_color__hover_enabled=\u00a0\u00bboff\u00a0\u00bb button_border_radius__hover_enabled=\u00a0\u00bboff\u00a0\u00bb button_one_border_radius__hover_enabled=\u00a0\u00bboff\u00a0\u00bb button_two_border_radius__hover_enabled=\u00a0\u00bboff\u00a0\u00bb button_letter_spacing__hover_enabled=\u00a0\u00bboff\u00a0\u00bb button_one_letter_spacing__hover_enabled=\u00a0\u00bboff\u00a0\u00bb button_two_letter_spacing__hover_enabled=\u00a0\u00bboff\u00a0\u00bb button_bg_color__hover_enabled=\u00a0\u00bboff\u00a0\u00bb button_one_bg_color__hover_enabled=\u00a0\u00bboff\u00a0\u00bb button_two_bg_color__hover_enabled=\u00a0\u00bboff\u00a0\u00bb][\/et_pb_contact_field][et_pb_contact_field field_id=\u00a0\u00bbMessage\u00a0\u00bb field_title=\u00a0\u00bbMessage \u00a0\u00bb field_type=\u00a0\u00bbtext\u00a0\u00bb fullwidth_field=\u00a0\u00bbon\u00a0\u00bb _builder_version=\u00a0\u00bb4.16&Prime; global_colors_info=\u00a0\u00bb{}\u00a0\u00bb button_text_size__hover_enabled=\u00a0\u00bboff\u00a0\u00bb button_one_text_size__hover_enabled=\u00a0\u00bboff\u00a0\u00bb button_two_text_size__hover_enabled=\u00a0\u00bboff\u00a0\u00bb button_text_color__hover_enabled=\u00a0\u00bboff\u00a0\u00bb button_one_text_color__hover_enabled=\u00a0\u00bboff\u00a0\u00bb button_two_text_color__hover_enabled=\u00a0\u00bboff\u00a0\u00bb button_border_width__hover_enabled=\u00a0\u00bboff\u00a0\u00bb button_one_border_width__hover_enabled=\u00a0\u00bboff\u00a0\u00bb button_two_border_width__hover_enabled=\u00a0\u00bboff\u00a0\u00bb button_border_color__hover_enabled=\u00a0\u00bboff\u00a0\u00bb button_one_border_color__hover_enabled=\u00a0\u00bboff\u00a0\u00bb button_two_border_color__hover_enabled=\u00a0\u00bboff\u00a0\u00bb button_border_radius__hover_enabled=\u00a0\u00bboff\u00a0\u00bb button_one_border_radius__hover_enabled=\u00a0\u00bboff\u00a0\u00bb button_two_border_radius__hover_enabled=\u00a0\u00bboff\u00a0\u00bb button_letter_spacing__hover_enabled=\u00a0\u00bboff\u00a0\u00bb button_one_letter_spacing__hover_enabled=\u00a0\u00bboff\u00a0\u00bb button_two_letter_spacing__hover_enabled=\u00a0\u00bboff\u00a0\u00bb button_bg_color__hover_enabled=\u00a0\u00bboff\u00a0\u00bb button_one_bg_color__hover_enabled=\u00a0\u00bboff\u00a0\u00bb button_two_bg_color__hover_enabled=\u00a0\u00bboff\u00a0\u00bb][\/et_pb_contact_field][et_pb_contact_field field_id=\u00a0\u00bbrgpd\u00a0\u00bb field_title=\u00a0\u00bbConfidentialit\u00e9 : \u00a0\u00bb field_type=\u00a0\u00bbcheckbox\u00a0\u00bb checkbox_options=\u00a0\u00bb%91{%22value%22:%22J&rsquo;accepte votre politique de confidentialit\u00e9%22,%22checked%22:0,%22dragID%22:-1,%22link_url%22:%22https:\/\/www.dreamcom.be\/index.php\/rgpd\/%22}%93&Prime; fullwidth_field=\u00a0\u00bbon\u00a0\u00bb _builder_version=\u00a0\u00bb4.21.0&Prime; _module_preset=\u00a0\u00bbdefault\u00a0\u00bb global_colors_info=\u00a0\u00bb{}\u00a0\u00bb][\/et_pb_contact_field][\/et_pb_contact_form][\/et_pb_column][\/et_pb_row][\/et_pb_section]<\/p>\n<span class=\"et_bloom_bottom_trigger\"><\/span>","protected":false},"excerpt":{"rendered":"<p>ContactDreamcom Rue Bel Horizon 1 5651 Walcourt +32 (0)477 94 00 27 dream@dreamcom.be &nbsp; Voir nos conditions g\u00e9n\u00e9rales &nbsp;<\/p>\n","protected":false},"author":1,"featured_media":0,"parent":0,"menu_order":0,"comment_status":"closed","ping_status":"closed","template":"","meta":{"_et_pb_use_builder":"on","_et_pb_old_content":"","_et_gb_content_width":"","footnotes":""},"class_list":["post-81","page","type-page","status-publish","hentry"],"yoast_head":"<!-- This site is optimized with the Yoast SEO plugin v24.9 - https:\/\/yoast.com\/wordpress\/plugins\/seo\/ -->\n<title>Dreamcom - Agence de communication - Hainaut - Contact<\/title>\n<meta name=\"description\" content=\"Dreamcom, sp\u00e9cialiste de la communication personnalis\u00e9e par courrier, sms ou email, vous accompagne dans l&#039;exploitation de vos bases de donn\u00e9es\" \/>\n<meta name=\"robots\" content=\"index, follow, max-snippet:-1, max-image-preview:large, max-video-preview:-1\" \/>\n<link rel=\"canonical\" href=\"https:\/\/www.dreamcom.be\/index.php\/contact\/\" \/>\n<meta property=\"og:locale\" content=\"fr_FR\" \/>\n<meta property=\"og:type\" content=\"article\" \/>\n<meta property=\"og:title\" content=\"Dreamcom - Agence de communication - Hainaut - Contact\" \/>\n<meta property=\"og:description\" content=\"Dreamcom, sp\u00e9cialiste de la communication personnalis\u00e9e par courrier, sms ou email, vous accompagne dans l&#039;exploitation de vos bases de donn\u00e9es\" \/>\n<meta property=\"og:url\" content=\"https:\/\/www.dreamcom.be\/index.php\/contact\/\" \/>\n<meta property=\"og:site_name\" content=\"Dreamcom - Agence de communication - Hainaut\" \/>\n<meta property=\"article:publisher\" content=\"https:\/\/www.facebook.com\/dreamcombelgium\" \/>\n<meta property=\"article:modified_time\" content=\"2025-06-18T12:18:37+00:00\" \/>\n<meta name=\"twitter:card\" content=\"summary_large_image\" \/>\n<meta name=\"twitter:label1\" content=\"Dur\u00e9e de lecture estim\u00e9e\" \/>\n\t<meta name=\"twitter:data1\" content=\"1 minute\" \/>\n<script type=\"application\/ld+json\" class=\"yoast-schema-graph\">{\"@context\":\"https:\/\/schema.org\",\"@graph\":[{\"@type\":\"WebPage\",\"@id\":\"https:\/\/www.dreamcom.be\/index.php\/contact\/\",\"url\":\"https:\/\/www.dreamcom.be\/index.php\/contact\/\",\"name\":\"Dreamcom - Agence de communication - Hainaut - Contact\",\"isPartOf\":{\"@id\":\"https:\/\/www.dreamcom.be\/#website\"},\"datePublished\":\"2021-03-22T15:21:56+00:00\",\"dateModified\":\"2025-06-18T12:18:37+00:00\",\"description\":\"Dreamcom, sp\u00e9cialiste de la communication personnalis\u00e9e par courrier, sms ou email, vous accompagne dans l'exploitation de vos bases de donn\u00e9es\",\"breadcrumb\":{\"@id\":\"https:\/\/www.dreamcom.be\/index.php\/contact\/#breadcrumb\"},\"inLanguage\":\"fr-FR\",\"potentialAction\":[{\"@type\":\"ReadAction\",\"target\":[\"https:\/\/www.dreamcom.be\/index.php\/contact\/\"]}]},{\"@type\":\"BreadcrumbList\",\"@id\":\"https:\/\/www.dreamcom.be\/index.php\/contact\/#breadcrumb\",\"itemListElement\":[{\"@type\":\"ListItem\",\"position\":1,\"name\":\"Accueil\",\"item\":\"https:\/\/www.dreamcom.be\/\"},{\"@type\":\"ListItem\",\"position\":2,\"name\":\"Contact\"}]},{\"@type\":\"WebSite\",\"@id\":\"https:\/\/www.dreamcom.be\/#website\",\"url\":\"https:\/\/www.dreamcom.be\/\",\"name\":\"Dreamcom\",\"description\":\"Personnalisez votre communication \u00e0 l&#039;infini\",\"publisher\":{\"@id\":\"https:\/\/www.dreamcom.be\/#organization\"},\"potentialAction\":[{\"@type\":\"SearchAction\",\"target\":{\"@type\":\"EntryPoint\",\"urlTemplate\":\"https:\/\/www.dreamcom.be\/?s={search_term_string}\"},\"query-input\":{\"@type\":\"PropertyValueSpecification\",\"valueRequired\":true,\"valueName\":\"search_term_string\"}}],\"inLanguage\":\"fr-FR\"},{\"@type\":\"Organization\",\"@id\":\"https:\/\/www.dreamcom.be\/#organization\",\"name\":\"Dreamcom\",\"url\":\"https:\/\/www.dreamcom.be\/\",\"logo\":{\"@type\":\"ImageObject\",\"inLanguage\":\"fr-FR\",\"@id\":\"https:\/\/www.dreamcom.be\/#\/schema\/logo\/image\/\",\"url\":\"https:\/\/new.impaprint.be\/wp-content\/uploads\/2021\/03\/DreamcomLogo.png\",\"contentUrl\":\"https:\/\/new.impaprint.be\/wp-content\/uploads\/2021\/03\/DreamcomLogo.png\",\"width\":762,\"height\":244,\"caption\":\"Dreamcom\"},\"image\":{\"@id\":\"https:\/\/www.dreamcom.be\/#\/schema\/logo\/image\/\"},\"sameAs\":[\"https:\/\/www.facebook.com\/dreamcombelgium\"]}]}<\/script>\n<!-- \/ Yoast SEO plugin. -->","yoast_head_json":{"title":"Dreamcom - Agence de communication - Hainaut - Contact","description":"Dreamcom, sp\u00e9cialiste de la communication personnalis\u00e9e par courrier, sms ou email, vous accompagne dans l'exploitation de vos bases de donn\u00e9es","robots":{"index":"index","follow":"follow","max-snippet":"max-snippet:-1","max-image-preview":"max-image-preview:large","max-video-preview":"max-video-preview:-1"},"canonical":"https:\/\/www.dreamcom.be\/index.php\/contact\/","og_locale":"fr_FR","og_type":"article","og_title":"Dreamcom - Agence de communication - Hainaut - Contact","og_description":"Dreamcom, sp\u00e9cialiste de la communication personnalis\u00e9e par courrier, sms ou email, vous accompagne dans l'exploitation de vos bases de donn\u00e9es","og_url":"https:\/\/www.dreamcom.be\/index.php\/contact\/","og_site_name":"Dreamcom - Agence de communication - Hainaut","article_publisher":"https:\/\/www.facebook.com\/dreamcombelgium","article_modified_time":"2025-06-18T12:18:37+00:00","twitter_card":"summary_large_image","twitter_misc":{"Dur\u00e9e de lecture estim\u00e9e":"1 minute"},"schema":{"@context":"https:\/\/schema.org","@graph":[{"@type":"WebPage","@id":"https:\/\/www.dreamcom.be\/index.php\/contact\/","url":"https:\/\/www.dreamcom.be\/index.php\/contact\/","name":"Dreamcom - Agence de communication - Hainaut - Contact","isPartOf":{"@id":"https:\/\/www.dreamcom.be\/#website"},"datePublished":"2021-03-22T15:21:56+00:00","dateModified":"2025-06-18T12:18:37+00:00","description":"Dreamcom, sp\u00e9cialiste de la communication personnalis\u00e9e par courrier, sms ou email, vous accompagne dans l'exploitation de vos bases de donn\u00e9es","breadcrumb":{"@id":"https:\/\/www.dreamcom.be\/index.php\/contact\/#breadcrumb"},"inLanguage":"fr-FR","potentialAction":[{"@type":"ReadAction","target":["https:\/\/www.dreamcom.be\/index.php\/contact\/"]}]},{"@type":"BreadcrumbList","@id":"https:\/\/www.dreamcom.be\/index.php\/contact\/#breadcrumb","itemListElement":[{"@type":"ListItem","position":1,"name":"Accueil","item":"https:\/\/www.dreamcom.be\/"},{"@type":"ListItem","position":2,"name":"Contact"}]},{"@type":"WebSite","@id":"https:\/\/www.dreamcom.be\/#website","url":"https:\/\/www.dreamcom.be\/","name":"Dreamcom","description":"Personnalisez votre communication \u00e0 l&#039;infini","publisher":{"@id":"https:\/\/www.dreamcom.be\/#organization"},"potentialAction":[{"@type":"SearchAction","target":{"@type":"EntryPoint","urlTemplate":"https:\/\/www.dreamcom.be\/?s={search_term_string}"},"query-input":{"@type":"PropertyValueSpecification","valueRequired":true,"valueName":"search_term_string"}}],"inLanguage":"fr-FR"},{"@type":"Organization","@id":"https:\/\/www.dreamcom.be\/#organization","name":"Dreamcom","url":"https:\/\/www.dreamcom.be\/","logo":{"@type":"ImageObject","inLanguage":"fr-FR","@id":"https:\/\/www.dreamcom.be\/#\/schema\/logo\/image\/","url":"https:\/\/new.impaprint.be\/wp-content\/uploads\/2021\/03\/DreamcomLogo.png","contentUrl":"https:\/\/new.impaprint.be\/wp-content\/uploads\/2021\/03\/DreamcomLogo.png","width":762,"height":244,"caption":"Dreamcom"},"image":{"@id":"https:\/\/www.dreamcom.be\/#\/schema\/logo\/image\/"},"sameAs":["https:\/\/www.facebook.com\/dreamcombelgium"]}]}},"_links":{"self":[{"href":"https:\/\/www.dreamcom.be\/index.php\/wp-json\/wp\/v2\/pages\/81","targetHints":{"allow":["GET"]}}],"collection":[{"href":"https:\/\/www.dreamcom.be\/index.php\/wp-json\/wp\/v2\/pages"}],"about":[{"href":"https:\/\/www.dreamcom.be\/index.php\/wp-json\/wp\/v2\/types\/page"}],"author":[{"embeddable":true,"href":"https:\/\/www.dreamcom.be\/index.php\/wp-json\/wp\/v2\/users\/1"}],"replies":[{"embeddable":true,"href":"https:\/\/www.dreamcom.be\/index.php\/wp-json\/wp\/v2\/comments?post=81"}],"version-history":[{"count":24,"href":"https:\/\/www.dreamcom.be\/index.php\/wp-json\/wp\/v2\/pages\/81\/revisions"}],"predecessor-version":[{"id":1402,"href":"https:\/\/www.dreamcom.be\/index.php\/wp-json\/wp\/v2\/pages\/81\/revisions\/1402"}],"wp:attachment":[{"href":"https:\/\/www.dreamcom.be\/index.php\/wp-json\/wp\/v2\/media?parent=81"}],"curies":[{"name":"wp","href":"https:\/\/api.w.org\/{rel}","templated":true}]}}